{"id":7,"date":"2017-07-20T13:56:22","date_gmt":"2017-07-20T11:56:22","guid":{"rendered":"http:\/\/unionfrancaise-pwts.fr\/?page_id=7"},"modified":"2025-08-18T12:52:15","modified_gmt":"2025-08-18T10:52:15","slug":"accueil","status":"publish","type":"page","link":"https:\/\/www.unionfrancaise-pwts.fr\/","title":{"rendered":"Le Wing Tsun Kung Fu \u00e0 la port\u00e9e de tous, partout en France"},"content":{"rendered":"<h2 class=\"entry-title\">Les 20 ans du PWTS<\/h2>\n<div class=\"entry-content clearfix\">\n<p>En juillet 2024 le PWTS a f\u00eat\u00e9 ces 20 ans !<\/p>\n<p>La vid\u00e9o exclusive de ce fabuleux \u00e9v\u00e8nement permet de mesurer toute la port\u00e9e de l\u2019initiative de <a href=\"https:\/\/www.wingtsun-daisifuclaude.com\/dai-sifu-claude\">Da\u00ef-Sifu Claude<\/a> !<\/p>\n<p><iframe loading=\"lazy\" title=\"Reportage \u00e0 l'occasion des 20 ans de l'UFPWTS, la plus grande organisation de Wing-Tsun en France\" src=\"https:\/\/www.youtube.com\/embed\/2JL8IUukUuM\" width=\"1255\" height=\"706\" frameborder=\"0\" allowfullscreen=\"allowfullscreen\"><\/iframe><\/p>\n<\/div>\n<hr \/>\n<p>L&#8217;objectif de l&#8217;Union Fran\u00e7aise du Progressive Wing Tsun System est d&#8217;assurer la pratique, l&#8217;enseignement, les rencontres, la promotion et le d\u00e9veloppement du <a href=\"https:\/\/www.unionfrancaise-pwts.fr\/?page_id=8\" target=\"_blank\" rel=\"noopener noreferrer\">Progressive Wing Tsun System<\/a> (art martial cr\u00e9\u00e9 et dirig\u00e9 par Da\u00ef Sifu Claude Gouiff\u00e9) et des disciplines associ\u00e9es.<\/p>\n<p>L&#8217;Union Fran\u00e7aise du Progressive Wing Tsun System est une organisation ouverte, qui r\u00e9alise des formations d&#8217;instructeurs de Wing Tsun internes et externes \u00e0 l&#8217;organisation.<\/p>\n<p>Elle pr\u00e9pare aux dipl\u00f4mes d&#8217;\u00e9tat \u00e0 travers des cursus de formation individuel, priv\u00e9 et collectif.<\/p>\n<hr \/>\n<p>L&#8217;Union Fran\u00e7aise du Progressive Wing Tsun System propose des cours dans toute la France gr\u00e2ce au support de ses Sifu, Da\u00ef Sihing et Sihing qui transmettent leur savoir \u00e0 tous ceux qui sont int\u00e9ress\u00e9s.<\/p>\n<p>Vous trouverez ci-dessous la liste de toutes les associations ou clubs ainsi que leur contact, class\u00e9es par ordre alphab\u00e9tique des villes.<\/p>\n<p><a href=\"#A\">A<\/a> <a href=\"#B\">B<\/a> <a href=\"#C\">C<\/a> <a href=\"#G\">G<\/a> <a href=\"#I\">I<\/a> <a href=\"#L\">L<\/a> <a href=\"#M\">M<\/a> <a href=\"#N\">N<\/a> <a href=\"#P\">P<\/a> <a href=\"#S\">S<\/a> <a href=\"#T\">T<\/a> <a href=\"#V\">V<\/a><\/p>\n<p>&nbsp;<\/p>\n<p>&nbsp;<\/p>\n<table>\n<tbody>\n<tr>\n<td style=\"width: 25%;\"><span id=\"A\"><strong>Andernos<\/strong><\/span><img loading=\"lazy\" decoding=\"async\" class=\"alignnone wp-image-6188\" style=\"width: 40px; vertical-align: middle;\" src=\"https:\/\/www.unionfrancaise-pwts.fr\/wp-content\/uploads\/2019\/07\/Capture677.png\" alt=\"Le club est tenu par un ou une technicien\" width=\"83\" height=\"79\" \/><\/td>\n<td>Sihing Stef Verdoux<br \/>\n<a href=\"https:\/\/www.facebook.com\/profile.php?id=1258834328\">contact Facebook<\/a><\/td>\n<\/tr>\n<tr>\n<td style=\"width: 25%;\"><span id=\"A\"><strong>Arnas<\/strong><\/span><img loading=\"lazy\" decoding=\"async\" class=\"alignnone wp-image-6188\" style=\"width: 40px; vertical-align: middle;\" src=\"https:\/\/www.unionfrancaise-pwts.fr\/wp-content\/uploads\/2019\/07\/Capture678.png\" alt=\"Le club est tenu par un ou une technicien\" width=\"83\" height=\"79\" \/><\/td>\n<td><a href=\"http:\/\/www.pwts.fr\/cours-wing-tsun-lyon-69\" target=\"_blank\" rel=\"noopener noreferrer\">Arts martiaux Lyon<\/a><br \/>\nSihing Alexis<br \/>\nT\u00e9l\u00e9phone : 06 26 28 89 69<\/td>\n<\/tr>\n<tr>\n<td><span id=\"B\"><strong>Aquitaine<\/strong><\/span><img loading=\"lazy\" decoding=\"async\" class=\"alignnone wp-image-6189\" style=\"width: 40px; vertical-align: middle;\" src=\"https:\/\/www.unionfrancaise-pwts.fr\/wp-content\/uploads\/2019\/07\/Capture679.png\" alt=\"Le club est tenu par un ou une Sifu\" width=\"89\" height=\"86\" \/><\/p>\n<p><span class=\"oi732d6d ik7dh3pa d2edcug0 qv66sw1b c1et5uql a8c37x1j muag1w35 ew0dbk1b jq4qci2q a3bd9o3v knj5qynh oo9gr5id\" dir=\"auto\">(Bordeaux\/Bassin d&#8217;Arcachon\/Pays Basque)<\/span><\/td>\n<td><a href=\"http:\/\/pwts.bordeaux.free.fr\/\" target=\"_blank\" rel=\"noopener noreferrer\">http:\/\/pwts.bordeaux.free.fr\/<\/a><br \/>\nSifu C\u00e9dric<br \/>\n<a href=\"https:\/\/www.facebook.com\/profile.php?id=100010206517431\">contact Facebook<\/a><br \/>\nT\u00e9l\u00e9phone : 06 80 32 62 09<br \/>\nEmail : <span class=\"oi732d6d ik7dh3pa d2edcug0 qv66sw1b c1et5uql a8c37x1j muag1w35 ew0dbk1b jq4qci2q a3bd9o3v knj5qynh oo9gr5id\" dir=\"auto\">sifu.ced@gmail.com<\/span><\/td>\n<\/tr>\n<tr>\n<td><span id=\"G\"><strong>Ganges<\/strong><\/span><img loading=\"lazy\" decoding=\"async\" class=\"alignnone wp-image-6189\" style=\"width: 40px; vertical-align: middle;\" src=\"https:\/\/www.unionfrancaise-pwts.fr\/wp-content\/uploads\/2019\/07\/Capture679.png\" alt=\"Le club est tenu par un ou une Sifu\" width=\"89\" height=\"86\" \/><\/td>\n<td><a href=\"https:\/\/www.facebook.com\/maquisarts\/\" target=\"_blank\" rel=\"noopener noreferrer\">Association Maquisarts<\/a><br \/>\nSifu Simon DC<br \/>\nT\u00e9l\u00e9phone : 06 40 25 00 15<\/td>\n<\/tr>\n<tr>\n<td><span id=\"L\"><strong>Lyon<\/strong><\/span><img loading=\"lazy\" decoding=\"async\" class=\"alignnone wp-image-6189\" style=\"width: 40px; vertical-align: middle;\" src=\"https:\/\/www.unionfrancaise-pwts.fr\/wp-content\/uploads\/2019\/07\/Capture679.png\" alt=\"Le club est tenu par un ou une Sifu\" width=\"89\" height=\"86\" \/><\/td>\n<td><a href=\"https:\/\/g.co\/kgs\/HPAjDQ9\" target=\"_blank\" rel=\"noopener noreferrer\">PWTB &#8211; L&#8217;art du poing<\/a><br \/>\nSifu Wesley<br \/>\nT\u00e9l\u00e9phone : 06 25 94 85 10<\/td>\n<\/tr>\n<tr>\n<td><span id=\"L\"><strong>Lyon<\/strong><\/span><img loading=\"lazy\" decoding=\"async\" class=\"alignnone wp-image-6189\" style=\"width: 40px; vertical-align: middle;\" src=\"https:\/\/www.unionfrancaise-pwts.fr\/wp-content\/uploads\/2019\/07\/Capture679.png\" alt=\"Le club est tenu par un ou une Sifu\" width=\"89\" height=\"86\" \/><\/td>\n<td><a href=\"http:\/\/www.pwts.fr\/cours-wing-tsun-lyon-69\" target=\"_blank\" rel=\"noopener noreferrer\">Arts martiaux Lyon<\/a><br \/>\nSifu Yohann<br \/>\nT\u00e9l\u00e9phone : 06 67 59 37 82<br \/>\n<a href=\"https:\/\/www.facebook.com\/yohann.cabariste\">contact Facebook<\/a><\/td>\n<\/tr>\n<tr>\n<td><strong>Montpellier Centre<\/strong><strong><img loading=\"lazy\" decoding=\"async\" class=\"alignnone wp-image-6189\" src=\"https:\/\/www.unionfrancaise-pwts.fr\/wp-content\/uploads\/2019\/07\/Capture679.png\" alt=\"Le club est tenu par un ou une Sifu\" width=\"41\" height=\"40\" \/><\/strong><\/td>\n<td>Sifu L\u00e9a<br \/>\n06 59 80 75 42<br \/>\nE-mail : sijelea@gmail.com<br \/>\nMercredi 18h-19h30<br \/>\nVendredi 18h30-20h<br \/>\n16 rue Dom Vaissette 34000 Montpellier<br \/>\n<a href=\"https:\/\/wingtsunmontpellier.com\/\">https:\/\/wingtsunmontpellier.com\/<\/a><\/td>\n<\/tr>\n<tr>\n<td><strong>Montpellier<img loading=\"lazy\" decoding=\"async\" class=\"alignnone wp-image-6189\" style=\"width: 40px; vertical-align: middle;\" src=\"https:\/\/www.unionfrancaise-pwts.fr\/wp-content\/uploads\/2019\/07\/Capture679.png\" alt=\"Le club est tenu par un ou une Sifu\" width=\"89\" height=\"86\" \/><\/strong><\/td>\n<td>Sifu Franck<br \/>\n<a href=\"mailto:sifufranck@gmail.com\">sifufranck@gmail.com<\/a><br \/>\nSifu Lionel<br \/>\n<a href=\"mailto:pwtsnimois@gmail.com\">pwtsnimois@gmail.com<\/a><\/td>\n<\/tr>\n<tr>\n<td><span id=\"N\"><strong>N\u00eemes<img loading=\"lazy\" decoding=\"async\" class=\"alignnone wp-image-6189\" style=\"width: 40px; vertical-align: middle;\" src=\"https:\/\/www.unionfrancaise-pwts.fr\/wp-content\/uploads\/2019\/07\/Capture679.png\" alt=\"Le club est tenu par un ou une Sifu\" width=\"89\" height=\"86\" \/><\/strong><\/span><\/td>\n<td><a href=\"https:\/\/www.facebook.com\/nimespwts\" target=\"_blank\" rel=\"noopener noreferrer\">PWTS N\u00eemois<\/a><br \/>\nSifu Lionel<br \/>\n<a href=\"mailto:pwtsnimois@gmail.com\">pwtsnimois@gmail.com<\/a><\/td>\n<\/tr>\n<tr>\n<td><span id=\"P\"><strong>Paris<span id=\"M\"><img loading=\"lazy\" decoding=\"async\" class=\"alignnone wp-image-6190\" style=\"width: 40px; vertical-align: middle;\" src=\"https:\/\/www.unionfrancaise-pwts.fr\/wp-content\/uploads\/2019\/07\/Capture680.png\" alt=\"Le club est tenu par notre Da\u00ef Sifu\" width=\"88\" height=\"90\" \/><\/span><\/strong><\/span><\/td>\n<td>Da\u00ef Sifu Claude &#8211; <a href=\"https:\/\/www.wingtsun-daisifuclaude.com\/\">https:\/\/www.wingtsun-daisifuclaude.com\/<\/a><br \/>\n<a href=\"https:\/\/www.facebook.com\/daisifu.claude\">contact Facebook<\/a><\/td>\n<\/tr>\n<tr>\n<td><span id=\"P\"><strong>P\u00e9zenas <\/strong><\/span><img loading=\"lazy\" decoding=\"async\" class=\"alignnone wp-image-6187\" style=\"width: 40px; vertical-align: middle;\" src=\"https:\/\/www.unionfrancaise-pwts.fr\/wp-content\/uploads\/2019\/07\/Capture677.png\" alt=\"Le club est tenu par un ou une \u00e9l\u00e8ve\" width=\"78\" height=\"84\" \/><\/td>\n<td>Sihing Sascha<br \/>\nT\u00e9l\u00e9phone : 06 52 14 45 79<br \/>\npwts.pezenas@gmail.com<br \/>\n<a href=\"https:\/\/www.facebook.com\/alexandre.demirel.3\">contact Facebook Wing Tsun Pwts P\u00e9zenas<\/a><\/td>\n<\/tr>\n<tr>\n<td><span id=\"S\"><strong>Saint Laurent le Minier<\/strong><\/span><img loading=\"lazy\" decoding=\"async\" class=\"alignnone wp-image-6189\" style=\"width: 40px; vertical-align: middle;\" src=\"https:\/\/www.unionfrancaise-pwts.fr\/wp-content\/uploads\/2019\/07\/Capture679.png\" alt=\"Le club est tenu par un ou une Sifu\" width=\"89\" height=\"86\" \/><\/td>\n<td><a href=\"https:\/\/www.facebook.com\/maquisarts\/\" target=\"_blank\" rel=\"noopener noreferrer\">Association Maquisarts<\/a><br \/>\nSifu Simon DC<br \/>\nT\u00e9l\u00e9phone : 06 40 25 00 15<\/td>\n<\/tr>\n<tr>\n<td><strong>Saint-Manvieu-Norrey<\/strong><img loading=\"lazy\" decoding=\"async\" class=\"alignnone wp-image-6187\" style=\"width: 40px; vertical-align: middle;\" src=\"https:\/\/www.unionfrancaise-pwts.fr\/wp-content\/uploads\/2019\/07\/Capture677.png\" alt=\"Le club est tenu par un ou une \u00e9l\u00e8ve\" width=\"78\" height=\"84\" \/><\/td>\n<td><a href=\"http:\/\/www.wing-tsun-caen.fr\/ecole-de-saint-manvieu-norrey\/\" target=\"_blank\" rel=\"noopener noreferrer\">http:\/\/www.wing-tsun-caen.fr\/ecole-de-saint-manvieu-norrey\/<\/a><br \/>\nSihing Etienne<br \/>\nT\u00e9l\u00e9phone : 07 86 87 44 66<br \/>\nE-mail : wingtsunbretteville@gmail.com<\/td>\n<\/tr>\n<tr>\n<td><span id=\"T\"><strong>Thury-Harcourt<\/strong><\/span> <img loading=\"lazy\" decoding=\"async\" class=\"alignnone wp-image-6187\" style=\"width: 40px; vertical-align: middle;\" src=\"https:\/\/www.unionfrancaise-pwts.fr\/wp-content\/uploads\/2019\/07\/Capture679.png\" alt=\"Le club est tenu par un ou une \u00e9l\u00e8ve\" width=\"78\" height=\"84\" \/><\/td>\n<td><a href=\"https:\/\/www.facebook.com\/ahpwts\">https:\/\/www.facebook.com\/ahpwts<\/a><br \/>\nSifu Carl<br \/>\nT\u00e9l\u00e9phone : 06 64 93 64 32<\/td>\n<\/tr>\n<\/tbody>\n<\/table>\n<p>L\u00e9gende :<\/p>\n<table>\n<tbody>\n<tr>\n<td style=\"width: 44px; padding: 2px;\"><img loading=\"lazy\" decoding=\"async\" class=\"wp-image-6187 aligncenter\" src=\"https:\/\/www.unionfrancaise-pwts.fr\/wp-content\/uploads\/2019\/07\/Capture677.png\" alt=\"L'enseignant est un \u00e9l\u00e8ve\" width=\"40\" height=\"40\" \/><\/td>\n<td>L&#8217;enseignant est un ou une \u00e9l\u00e8ve<\/td>\n<\/tr>\n<tr>\n<td style=\"width: 44px; padding: 2px;\"><img loading=\"lazy\" decoding=\"async\" class=\"wp-image-6188 aligncenter\" src=\"https:\/\/www.unionfrancaise-pwts.fr\/wp-content\/uploads\/2019\/07\/Capture678.png\" alt=\"\" width=\"40\" height=\"40\" \/><\/td>\n<td>L&#8217;enseignant est un ou une technicien<\/td>\n<\/tr>\n<tr>\n<td style=\"width: 44px; padding: 2px;\"><img loading=\"lazy\" decoding=\"async\" class=\"aligncenter wp-image-6189\" src=\"https:\/\/www.unionfrancaise-pwts.fr\/wp-content\/uploads\/2019\/07\/Capture679.png\" alt=\"\" width=\"40\" height=\"39\" \/><\/td>\n<td>L&#8217;enseignant est un ou une Sifu<\/td>\n<\/tr>\n<tr>\n<td style=\"width: 44px; padding: 2px;\"><img loading=\"lazy\" decoding=\"async\" class=\"aligncenter wp-image-6190\" src=\"https:\/\/www.unionfrancaise-pwts.fr\/wp-content\/uploads\/2019\/07\/Capture680.png\" alt=\"\" width=\"40\" height=\"40\" \/><\/td>\n<td>L&#8217;enseignant est notre Da\u00ef Sifu<\/td>\n<\/tr>\n<\/tbody>\n<\/table>\n<p>&nbsp;<\/p>\n","protected":false},"excerpt":{"rendered":"<p>Les 20 ans du PWTS En juillet 2024 le PWTS a f\u00eat\u00e9 ces 20 ans ! La vid\u00e9o exclusive de<\/p>\n","protected":false},"author":1,"featured_media":0,"parent":0,"menu_order":0,"comment_status":"closed","ping_status":"closed","template":"templates\/template-fullwidth.php","meta":{"footnotes":""},"class_list":["post-7","page","type-page","status-publish","hentry","comments-off"],"_links":{"self":[{"href":"https:\/\/www.unionfrancaise-pwts.fr\/index.php?rest_route=\/wp\/v2\/pages\/7","targetHints":{"allow":["GET"]}}],"collection":[{"href":"https:\/\/www.unionfrancaise-pwts.fr\/index.php?rest_route=\/wp\/v2\/pages"}],"about":[{"href":"https:\/\/www.unionfrancaise-pwts.fr\/index.php?rest_route=\/wp\/v2\/types\/page"}],"author":[{"embeddable":true,"href":"https:\/\/www.unionfrancaise-pwts.fr\/index.php?rest_route=\/wp\/v2\/users\/1"}],"replies":[{"embeddable":true,"href":"https:\/\/www.unionfrancaise-pwts.fr\/index.php?rest_route=%2Fwp%2Fv2%2Fcomments&post=7"}],"version-history":[{"count":58,"href":"https:\/\/www.unionfrancaise-pwts.fr\/index.php?rest_route=\/wp\/v2\/pages\/7\/revisions"}],"predecessor-version":[{"id":6563,"href":"https:\/\/www.unionfrancaise-pwts.fr\/index.php?rest_route=\/wp\/v2\/pages\/7\/revisions\/6563"}],"wp:attachment":[{"href":"https:\/\/www.unionfrancaise-pwts.fr\/index.php?rest_route=%2Fwp%2Fv2%2Fmedia&parent=7"}],"curies":[{"name":"wp","href":"https:\/\/api.w.org\/{rel}","templated":true}]}}