{"id":8,"date":"2017-07-20T13:56:22","date_gmt":"2017-07-20T11:56:22","guid":{"rendered":"http:\/\/unionfrancaise-pwts.fr\/?page_id=8"},"modified":"2025-01-26T20:52:30","modified_gmt":"2025-01-26T19:52:30","slug":"a-propos-de","status":"publish","type":"page","link":"https:\/\/www.unionfrancaise-pwts.fr\/?page_id=8","title":{"rendered":"\u00c0 propos du PWTS"},"content":{"rendered":"<h2><strong>Aux origines : le Wing Chun<\/strong><\/h2>\n<p>La l\u00e9gende veut que cet art martial (Wu Shu) serait n\u00e9 en Chine il y a environ trois cent ans. Une nonne bouddhiste du nom de Ng Mui aurait cr\u00e9\u00e9 ce syst\u00e8me, et l\u2019aurait enseign\u00e9 \u00e0 Yim Wing Tsun. La discipline aurait ainsi h\u00e9rit\u00e9 du nom de son \u00e9l\u00e8ve.<\/p>\n<p>Ce syst\u00e8me aurait \u00e9t\u00e9 cr\u00e9\u00e9 pour combattre l\u2019envahisseur Mandchou. Pour cette raison, Ng Mui aurait mis au point un art martial accessible, et rapidement assimilable. Son objectif \u00e9tait de vaincre non pas par la force, mais par la fluidit\u00e9, la souplesse, la rapidit\u00e9. Dans cette optique, cet art martial devient rapidement accessible \u00e0 tous.<\/p>\n<p>Le Wing Chun f\u00fbt retransmit de g\u00e9n\u00e9rations en g\u00e9n\u00e9rations jusqu\u2019au dernier Grand Ma\u00eetre Yip Man (professeur de Bruce Lee), qui lui-m\u00eame retransmettra son art \u00e0 Leung Ting\u00a0 peu avant sa mort. Leung Ting deviendra alors le p\u00e8re du Wing Tsun moderne. Il formera un grand nombre de professeurs \u00e0 l\u2019\u00e9tranger, notamment en Allemagne dans les ann\u00e9es 75 o\u00f9 il se d\u00e9veloppera consid\u00e9rablement jusqu\u2019\u00e0 nos jours.<\/p>\n<h2><strong>Le PWTS : la voie martiale de l\u2019art<\/strong><\/h2>\n<p>Fond\u00e9 en 2004 par <a href=\"https:\/\/www.wingtsun-daisifuclaude.com\/dai-sifu-claude\">Da\u00ef Sifu Claude GOUIFFE<\/a>, le PWTS &#8220;<a href=\"https:\/\/www.wingtsun-daisifuclaude.com\/le-progressive-wing-tsun-system\">Progressive Wing Tsun System<\/a>&#8221; se veut la continuit\u00e9 de cet art martial fabuleux, d\u00e9j\u00e0 d\u00e9velopp\u00e9 et approfondit par de grands experts. Il est l\u2019extension naturelle du Wing Tsun moderne. C&#8217;est un art martial qui r\u00e9pond aux besoins constants de tout pratiquant d\u00e9sirant apprendre un syst\u00e8me de self d\u00e9fense complet et fonctionnel, pouvant faire face \u00e0 tous les d\u00e9fis et \u00e0 toutes les situations.\u00a0Expliquant n&#8217;avoir rien invent\u00e9, il a simplement repris le Wing Tsun pour le compl\u00e9ter et l&#8217;am\u00e9liorer.<\/p>\n<p>Il s\u2019agit d\u2019un style de combat rapproch\u00e9 \u00e0 mains nues. N\u00e9anmoins, toutes les distances de combats sont enseign\u00e9es : techniques de pieds, de genoux, de coudes, de poing, de saisies, de contr\u00f4les, de<br \/>\nprojections, de cl\u00e9s, etc&#8230;<\/p>\n<p>L\u2019art du combat est enseign\u00e9 sans qu\u2019il soit n\u00e9cessaire d\u2019avoir une condition physique particuli\u00e8re, ni certaines qualit\u00e9s de taille, de poids ou force. Il est accessible \u00e0 tous le monde, sans exception.<br \/>\nLes programmes p\u00e9dagogiques soigneusement \u00e9labor\u00e9s par le Da\u00ef Sifu Claude Gouiffe ont pour objectifs d\u2019assimiler des concepts applicables dans\u00a0toutes situations d\u2019attaques.\u00a0L\u2019avantage est que le pratiquant va r\u00e9agir instantan\u00e9ment et instinctivement dans n\u2019importe quelle situation.<\/p>\n<p>Le PWTS devient d\u00e8s lors un outil merveilleux permettant d\u2019approfondir la connaissance de soi, de d\u00e9velopper ses capacit\u00e9s physiques, d\u2019\u00e9largir sa conscience. Ainsi, le pratiquant optimise ses<br \/>\nr\u00e9flexes tactiles, mais aussi visuels. Son potentiel est maximis\u00e9, ceci dans le respect de son propre rythme de travail. Aucun effet artistique n\u2019est recherch\u00e9, le but \u00e9tant de\u00a0 s\u2019adapter \u00e0 toute situation avec avantage. Enfin le fait de se servir de la force de son adversaire contre lui n\u2019est plus une th\u00e9orie. Chacun peut d\u00e9couvrir au fur et \u00e0 mesure une philosophie martiale influenc\u00e9e entre autre par le tao\u00efsme et le confucianisme.<\/p>\n<p>Pourquoi l\u2019appellation \u201cProgressive\u201d ? c&#8217;est parce que toute chose est perfectible. Rien n\u2019est fig\u00e9e. Le PWTS \u00e9volue, au fil des diverses d\u00e9couvertes, et prend en compte l\u2019\u00e9volution des arts martiaux actuels pour le rendre d\u2019autant plus logique, efficace, et conforme \u00e0 notre nature humaine.<\/p>\n<h2><strong>Da\u00ef Sifu Claude GOUIFFE<\/strong><\/h2>\n<p>A travers le PWTS, <a href=\"https:\/\/www.wingtsun-daisifuclaude.com\/dai-sifu-claude\">Da\u00ef Sifu Claude GOUIFFE<\/a> met \u00e0 profit son long parcours martial qui n\u2019est pas des moindres, ainsi que ses recherches personnelles qui font aujourd\u2019hui de lui un ma\u00eetre exp\u00e9riment\u00e9 et un authentique enseignant.<\/p>\n<p>Da\u00ef Sifu Claude GOUIFFE a pratiqu\u00e9 le judo, divers style de karat\u00e9 dont le Shotokan et le Wado-Ryu, le Ju-Jitsu, l\u2019A\u00efkido, la lutte greco, la lutte libre, la lutte traditionnelle africaine, la boxe anglaise, la boxe am\u00e9ricaine, la boxe tha\u00eflandaise, le Taekwondo, l\u2019Apkido, le combat r\u00e9el dont il b\u00e9n\u00e9ficie d\u2019une solide exp\u00e9rience, et le Wing Tsun classique avec les plus grands repr\u00e9sentants de ce style. Soit plus de 40 ans d&#8217;exp\u00e9rience&#8230;<\/p>\n<p>&nbsp;<\/p>\n","protected":false},"excerpt":{"rendered":"<p>Aux origines : le Wing Chun La l\u00e9gende veut que cet art martial (Wu Shu) serait n\u00e9 en Chine il<\/p>\n","protected":false},"author":1,"featured_media":0,"parent":0,"menu_order":0,"comment_status":"closed","ping_status":"closed","template":"templates\/template-fullwidth.php","meta":{"footnotes":""},"class_list":["post-8","page","type-page","status-publish","hentry","comments-off"],"_links":{"self":[{"href":"https:\/\/www.unionfrancaise-pwts.fr\/index.php?rest_route=\/wp\/v2\/pages\/8","targetHints":{"allow":["GET"]}}],"collection":[{"href":"https:\/\/www.unionfrancaise-pwts.fr\/index.php?rest_route=\/wp\/v2\/pages"}],"about":[{"href":"https:\/\/www.unionfrancaise-pwts.fr\/index.php?rest_route=\/wp\/v2\/types\/page"}],"author":[{"embeddable":true,"href":"https:\/\/www.unionfrancaise-pwts.fr\/index.php?rest_route=\/wp\/v2\/users\/1"}],"replies":[{"embeddable":true,"href":"https:\/\/www.unionfrancaise-pwts.fr\/index.php?rest_route=%2Fwp%2Fv2%2Fcomments&post=8"}],"version-history":[{"count":7,"href":"https:\/\/www.unionfrancaise-pwts.fr\/index.php?rest_route=\/wp\/v2\/pages\/8\/revisions"}],"predecessor-version":[{"id":6549,"href":"https:\/\/www.unionfrancaise-pwts.fr\/index.php?rest_route=\/wp\/v2\/pages\/8\/revisions\/6549"}],"wp:attachment":[{"href":"https:\/\/www.unionfrancaise-pwts.fr\/index.php?rest_route=%2Fwp%2Fv2%2Fmedia&parent=8"}],"curies":[{"name":"wp","href":"https:\/\/api.w.org\/{rel}","templated":true}]}}